{"id":372,"date":"2024-09-06T12:36:30","date_gmt":"2024-09-06T12:36:30","guid":{"rendered":"http:\/\/b6-hotel.es\/menu-dark\/"},"modified":"2025-06-24T16:49:49","modified_gmt":"2025-06-24T16:49:49","slug":"hotel-rooms","status":"publish","type":"page","link":"https:\/\/b6-hotel.es\/es\/hotel-rooms\/","title":{"rendered":"Our Rooms"},"content":{"rendered":"<div class=\"wp-block-uagb-container uagb-block-3528ba80 alignfull uagb-is-root-container\"><div class=\"uagb-container-inner-blocks-wrap\">\n<div class=\"wp-block-uagb-info-box uagb-block-f9bc4a4e uagb-infobox__content-wrap  uagb-infobox-icon-above-title uagb-infobox-image-valign-top\"><div class=\"uagb-ifb-content\"><div class=\"uagb-ifb-title-wrap\"><h1 class=\"uagb-ifb-title\">Habitaciones<\/h1><\/div><p class=\"uagb-ifb-desc\">Descubre nuestra variada gama de habitaciones, todas ellas cuidadosamente dise\u00f1adas para ofrecer la combinaci\u00f3n perfecta de comodidad y lujo. Tanto si viajas por negocios como por placer, nuestras habitaciones satisfar\u00e1n todas tus necesidades y te garantizar\u00e1n una estancia memorable y relajante.<\/p><\/div><\/div>\n<\/div><\/div>\n\n\n\n<div class=\"wp-block-uagb-container uagb-block-d21a1b6c alignfull uagb-is-root-container\"><div class=\"uagb-container-inner-blocks-wrap\">\n<div class=\"wp-block-uagb-advanced-heading uagb-block-d36ca857\"><h2 class=\"uagb-heading-text\">Standard Rooms<\/h2><p class=\"uagb-desc-text\">Our junior rooms are thoughtfully designed to offer a delightful stay. With a contemporary 40-inch Google-TV, high-speed WiFi, a plush 1.80m-wide double bed, and sleek separate bathroom, you&#8217;ll find everything you need for relaxation. Additional conveniences like a minibar, safe, and clothing rack ensure a seamless and enjoyable experience.<\/p><\/div>\n\n\n\n<p><\/p>\n\n\n\n<div class=\"wp-block-uagb-container uagb-block-a71b97ea\">\n<div class=\"wp-block-uagb-image uagb-block-dc87fe00 wp-block-uagb-image--layout-default wp-block-uagb-image--effect-static wp-block-uagb-image--align-none\"><figure class=\"wp-block-uagb-image__figure\"><img decoding=\"async\" srcset=\"https:\/\/b6-hotel.es\/wp-content\/uploads\/2025\/05\/B6_Junior_101-225x300.jpg ,https:\/\/b6-hotel.es\/wp-content\/uploads\/2025\/05\/B6_Junior_101-scaled.jpg 780w, https:\/\/b6-hotel.es\/wp-content\/uploads\/2025\/05\/B6_Junior_101-scaled.jpg 360w\" sizes=\"auto, (max-width: 480px) 150px\" src=\"https:\/\/b6-hotel.es\/wp-content\/uploads\/2025\/05\/B6_Junior_101-225x300.jpg\" alt=\"Bathed in natural light, our elegantly spacious bedroom offers a serene retreat, where airy design and soft tones create a haven of relaxation and comfort.\" class=\"uag-image-2159\" width=\"225\" height=\"300\" title=\"B6_Standard_101\" loading=\"lazy\" role=\"img\"\/><\/figure><\/div>\n\n\n\n<div class=\"wp-block-uagb-container uagb-block-3db503ea\">\n<div class=\"wp-block-uagb-info-box uagb-block-f3efeb23 uagb-infobox__content-wrap  uagb-infobox-icon-above-title uagb-infobox-image-valign-top\"><div class=\"uagb-ifb-content\"><div class=\"uagb-ifb-title-wrap\"><h6 class=\"uagb-ifb-title-prefix\"><strong>Oferta<\/strong><\/h6><h3 class=\"uagb-ifb-title\">Standard Room<\/h3><\/div><p class=\"uagb-ifb-desc\">with modern amenities and thoughtful design for a relaxing stay.<\/p><\/div><\/div>\n\n\n\n<div class=\"wp-block-uagb-advanced-heading uagb-block-a0b774e3\"><h5 class=\"uagb-heading-text\">From 69.00\u20ac onwards<\/h5><\/div>\n\n\n\n<div class=\"wp-block-uagb-buttons uagb-buttons__outer-wrap uagb-btn__default-btn uagb-btn-tablet__default-btn uagb-btn-mobile__default-btn uagb-block-877cd90e\"><div class=\"uagb-buttons__wrap uagb-buttons-layout-wrap\">\n<div class=\"wp-block-uagb-buttons-child uagb-buttons__outer-wrap uagb-block-44ee4773 wp-block-button\"><div class=\"uagb-button__wrapper\"><a class=\"uagb-buttons-repeater wp-block-button__link\" aria-label=\"\" href=\"https:\/\/app.mews.com\/distributor\/f6d1fb98-93f1-43e7-98f0-b29e008e63c2\" rel=\"follow noopener\" target=\"_blank\" role=\"button\"><div class=\"uagb-button__link\">Reserva una habitaci\u00f3n<\/div><\/a><\/div><\/div>\n<\/div><\/div>\n<\/div>\n<\/div>\n<\/div><\/div>\n\n\n\n<div class=\"wp-block-uagb-container uagb-block-1c1ee0d6 alignfull uagb-is-root-container\"><div class=\"uagb-container-inner-blocks-wrap\">\n<div class=\"wp-block-uagb-advanced-heading uagb-block-e22c60ab\"><h2 class=\"uagb-heading-text\">Medium Rooms<\/h2><p class=\"uagb-desc-text\">Step into our spacious ground-floor rooms, offering the perfect blend of comfort and privacy. In few of these rooms we welcome pets, subject to availabilty. Contact our Front Desk to check.<br><br>Inside, you&#8217;ll find a modern haven equipped with a luxurious 1.80m-wide double bed, a sleek 40-inch Google-TV, and complimentary high-speed WiFi. Thoughtfully designed amenities include a minibar, a safe, and a clothing rack, ensuring your stay is as convenient as it is comfortable. The elegant, separate bathroom completes this sanctuary with contemporary fixtures and style.<br><br>Whether you&#8217;re relaxing indoors or enjoying your private outdoor space, these rooms are designed to provide a comfortable and memorable stay.<\/p><\/div>\n\n\n\n<div class=\"wp-block-uagb-container uagb-block-3841fe92 alignfull uagb-is-root-container\"><div class=\"uagb-container-inner-blocks-wrap\">\n<div class=\"wp-block-uagb-image uagb-block-af9d9dc7 wp-block-uagb-image--layout-default wp-block-uagb-image--effect-static wp-block-uagb-image--align-none\"><figure class=\"wp-block-uagb-image__figure\"><img decoding=\"async\" srcset=\"https:\/\/b6-hotel.es\/wp-content\/uploads\/2025\/05\/B6_Oasis_101-225x300.jpg ,https:\/\/b6-hotel.es\/wp-content\/uploads\/2025\/05\/B6_Oasis_101-scaled.jpg 780w, https:\/\/b6-hotel.es\/wp-content\/uploads\/2025\/05\/B6_Oasis_101-scaled.jpg 360w\" sizes=\"auto, (max-width: 480px) 150px\" src=\"https:\/\/b6-hotel.es\/wp-content\/uploads\/2025\/05\/B6_Oasis_101-225x300.jpg\" alt=\"Bathed in natural light, our elegantly spacious bedroom offers a serene retreat, where airy design and soft tones create a haven of relaxation and comfort.\" class=\"uag-image-2161\" width=\"225\" height=\"300\" title=\"B6_Medium_101\" loading=\"lazy\" role=\"img\"\/><\/figure><\/div>\n\n\n\n<div class=\"wp-block-uagb-container uagb-block-7182873a\">\n<div class=\"wp-block-uagb-info-box uagb-block-f49e3cda uagb-infobox__content-wrap  uagb-infobox-icon-above-title uagb-infobox-image-valign-top\"><div class=\"uagb-ifb-content\"><div class=\"uagb-ifb-title-wrap\"><h6 class=\"uagb-ifb-title-prefix\"><strong>Oferta<\/strong><\/h6><h3 class=\"uagb-ifb-title\">Medium Room<\/h3><\/div><p class=\"uagb-ifb-desc\">Spacious rooms with private outdoor seating and modern amenities for a relaxing stay.<\/p><\/div><\/div>\n\n\n\n<div class=\"wp-block-uagb-advanced-heading uagb-block-f4863c3c\"><h5 class=\"uagb-heading-text\">Starts at 85.00\u20ac<\/h5><\/div>\n\n\n\n<div class=\"wp-block-uagb-buttons uagb-buttons__outer-wrap uagb-btn__default-btn uagb-btn-tablet__default-btn uagb-btn-mobile__default-btn uagb-block-219b86d8\"><div class=\"uagb-buttons__wrap uagb-buttons-layout-wrap\">\n<div class=\"wp-block-uagb-buttons-child uagb-buttons__outer-wrap uagb-block-600c1b03 wp-block-button\"><div class=\"uagb-button__wrapper\"><a class=\"uagb-buttons-repeater wp-block-button__link\" aria-label=\"\" href=\"https:\/\/app.mews.com\/distributor\/f6d1fb98-93f1-43e7-98f0-b29e008e63c2\" rel=\"follow noopener\" target=\"_blank\" role=\"button\"><div class=\"uagb-button__link\">Reserva una habitaci\u00f3n<\/div><\/a><\/div><\/div>\n<\/div><\/div>\n<\/div>\n<\/div><\/div>\n<\/div><\/div>\n\n\n\n<div class=\"wp-block-uagb-container uagb-block-d1e6b7ee alignfull uagb-is-root-container\"><div class=\"uagb-container-inner-blocks-wrap\">\n<div class=\"wp-block-uagb-advanced-heading uagb-block-46b468ea\"><h2 class=\"uagb-heading-text\">Premium Rooms<\/h2><p class=\"uagb-desc-text\">Discover the perfect blend of comfort and space in our in our generously sized 28m\u00b2 rooms. Thoughtfully designed for families or small groups, these rooms feature a plush 1.80m-wide double bed and a versatile bed sofa accommodating an additional adult or up to two young children. Modern amenities include a 40-inch Google-TV, high-speed WiFi, a minibar, safe, clothing rack, and a sleek separate bathroom, ensuring a stay that&#8217;s both relaxing and convenient.<\/p><\/div>\n\n\n\n<div class=\"wp-block-uagb-container uagb-block-52db0b70\">\n<div class=\"wp-block-uagb-image uagb-block-1f64b911 wp-block-uagb-image--layout-default wp-block-uagb-image--effect-static wp-block-uagb-image--align-none\"><figure class=\"wp-block-uagb-image__figure\"><img decoding=\"async\" srcset=\"https:\/\/b6-hotel.es\/wp-content\/uploads\/2025\/05\/B6_Superior_101-225x300.jpg ,https:\/\/b6-hotel.es\/wp-content\/uploads\/2025\/05\/B6_Superior_101-scaled.jpg 780w, https:\/\/b6-hotel.es\/wp-content\/uploads\/2025\/05\/B6_Superior_101-scaled.jpg 360w\" sizes=\"auto, (max-width: 480px) 150px\" src=\"https:\/\/b6-hotel.es\/wp-content\/uploads\/2025\/05\/B6_Superior_101-225x300.jpg\" alt=\"Bathed in natural light, our elegantly spacious bedroom offers a serene retreat, where airy design and soft tones create a haven of relaxation and comfort.\" class=\"uag-image-2162\" width=\"225\" height=\"300\" title=\"B6_Superior_101\" loading=\"lazy\" role=\"img\"\/><\/figure><\/div>\n\n\n\n<div class=\"wp-block-uagb-container uagb-block-3462cb3d\">\n<div class=\"wp-block-uagb-info-box uagb-block-a4020262 uagb-infobox__content-wrap  uagb-infobox-icon-above-title uagb-infobox-image-valign-top\"><div class=\"uagb-ifb-content\"><div class=\"uagb-ifb-title-wrap\"><h6 class=\"uagb-ifb-title-prefix\"><strong>Oferta<\/strong><\/h6><h3 class=\"uagb-ifb-title\">Premium Room<\/h3><\/div><p class=\"uagb-ifb-desc\">Spacious rooms with a double bed, bed sofa, and modern amenities, perfect for families or small groups.<\/p><\/div><\/div>\n\n\n\n<div class=\"wp-block-uagb-advanced-heading uagb-block-a6a8a414\"><h5 class=\"uagb-heading-text\">From 95.00 \u20ac onwards<\/h5><\/div>\n\n\n\n<div class=\"wp-block-uagb-buttons uagb-buttons__outer-wrap uagb-btn__default-btn uagb-btn-tablet__default-btn uagb-btn-mobile__default-btn uagb-block-06493f8e\"><div class=\"uagb-buttons__wrap uagb-buttons-layout-wrap\">\n<div class=\"wp-block-uagb-buttons-child uagb-buttons__outer-wrap uagb-block-4203d26b wp-block-button\"><div class=\"uagb-button__wrapper\"><a class=\"uagb-buttons-repeater wp-block-button__link\" aria-label=\"\" href=\"https:\/\/app.mews.com\/distributor\/f6d1fb98-93f1-43e7-98f0-b29e008e63c2\" rel=\"follow noopener\" target=\"_blank\" role=\"button\"><div class=\"uagb-button__link\">Reserva una habitaci\u00f3n<\/div><\/a><\/div><\/div>\n<\/div><\/div>\n<\/div>\n<\/div>\n<\/div><\/div>\n\n\n\n<div class=\"wp-block-uagb-container uag-blocks-common-selector uagb-block-3c5db767 alignfull uagb-is-root-container\"><div class=\"uagb-container-inner-blocks-wrap\">\n<div class=\"wp-block-uagb-container uagb-block-543c4bff\">\n<div class=\"wp-block-uagb-info-box uagb-block-0efbbfd8 uagb-infobox__content-wrap  uagb-infobox-icon-above-title uagb-infobox-image-valign-top\"><div class=\"uagb-ifb-content\"><div class=\"uagb-ifb-title-wrap\"><h2 class=\"uagb-ifb-title\">Reservar<\/h2><\/div><p class=\"uagb-ifb-desc\">\u00bfListo para experimentar un confort y un lujo sin igual? <br>Reserva hoy mismo tu estancia con nosotros y crea recuerdos inolvidables.<\/p><div class=\"uagb-ifb-button-wrapper wp-block-button\"><a href=\"https:\/\/app.mews.com\/distributor\/f6d1fb98-93f1-43e7-98f0-b29e008e63c2\" class=\"uagb-infobox-cta-link wp-block-button__link\" target=\"_blank\" rel=\"noopener noreferrer\" onclick=\"return true;\"><span class=\"uagb-inline-editing\">Reserva una habitaci\u00f3n<\/span><\/a><\/div><\/div><\/div>\n\n\n\n<div class=\"wp-block-uagb-info-box uagb-block-70fc585f uagb-infobox__content-wrap  uagb-infobox-icon-above-title uagb-infobox-image-valign-top\"><div class=\"uagb-ifb-content\"><div class=\"uagb-ifb-icon-wrap\"><svg xmlns=\"https:\/\/www.w3.org\/2000\/svg\" viewbox=\"0 0 512 512\"><path d=\"M0 256C0 114.6 114.6 0 256 0C397.4 0 512 114.6 512 256C512 397.4 397.4 512 256 512C114.6 512 0 397.4 0 256zM371.8 211.8C382.7 200.9 382.7 183.1 371.8 172.2C360.9 161.3 343.1 161.3 332.2 172.2L224 280.4L179.8 236.2C168.9 225.3 151.1 225.3 140.2 236.2C129.3 247.1 129.3 264.9 140.2 275.8L204.2 339.8C215.1 350.7 232.9 350.7 243.8 339.8L371.8 211.8z\"><\/path><\/svg><\/div><div class=\"uagb-ifb-title-wrap\"><h3 class=\"uagb-ifb-title\">RESERVATION<\/h3><\/div><p class=\"uagb-ifb-desc\">Ready to experience unparalleled comfort and convenience?<\/p><\/div><\/div>\n\n\n\n<div class=\"wp-block-uagb-buttons uagb-buttons__outer-wrap uagb-btn__default-btn uagb-btn-tablet__default-btn uagb-btn-mobile__default-btn uagb-block-bf8d6697\"><div class=\"uagb-buttons__wrap uagb-buttons-layout-wrap\">\n<div class=\"wp-block-uagb-buttons-child uagb-buttons__outer-wrap uagb-block-f7e8328f wp-block-button\"><div class=\"uagb-button__wrapper\"><a class=\"uagb-buttons-repeater wp-block-button__link\" aria-label=\"\" href=\"https:\/\/app.mews.com\/distributor\/f6d1fb98-93f1-43e7-98f0-b29e008e63c2\" rel=\"follow noopener\" target=\"_blank\" role=\"button\"><div class=\"uagb-button__link\">Click Here<\/div><\/a><\/div><\/div>\n<\/div><\/div>\n\n\n\n<div class=\"wp-block-uagb-info-box uagb-block-4d83c447 uagb-infobox__content-wrap  uagb-infobox-icon-above-title uagb-infobox-image-valign-top\"><div class=\"uagb-ifb-content\"><div class=\"uagb-ifb-icon-wrap\"><svg xmlns=\"https:\/\/www.w3.org\/2000\/svg\" viewbox=\"0 0 512 512\"><path d=\"M0 256C0 114.6 114.6 0 256 0C397.4 0 512 114.6 512 256C512 397.4 397.4 512 256 512C114.6 512 0 397.4 0 256zM371.8 211.8C382.7 200.9 382.7 183.1 371.8 172.2C360.9 161.3 343.1 161.3 332.2 172.2L224 280.4L179.8 236.2C168.9 225.3 151.1 225.3 140.2 236.2C129.3 247.1 129.3 264.9 140.2 275.8L204.2 339.8C215.1 350.7 232.9 350.7 243.8 339.8L371.8 211.8z\"><\/path><\/svg><\/div><div class=\"uagb-ifb-title-wrap\"><\/div><p class=\"uagb-ifb-desc\">Reserva hoy mismo tu estancia con nosotros y crea recuerdos inolvidables.<\/p><\/div><\/div>\n<\/div>\n\n\n\n<div class=\"wp-block-uagb-info-box uagb-block-26b1de35 uagb-infobox__content-wrap  uagb-infobox-icon-above-title uagb-infobox-image-valign-top\"><div class=\"uagb-ifb-content\"><div class=\"uagb-ifb-title-wrap\"><span class=\"uagb-ifb-title-prefix\">Reservas por tel\u00e9fono<\/span><h2 class=\"uagb-ifb-title\">+34 622 376 314<\/h2><\/div><\/div><\/div>\n<\/div><\/div>","protected":false},"excerpt":{"rendered":"<p>Standard Rooms Our junior rooms are thoughtfully designed to offer a delightful stay. With a contemporary 40-inch Google-TV, high-speed WiFi, a plush 1.80m-wide double bed, and sleek separate bathroom, you&#8217;ll find everything you need for relaxation. Additional conveniences like a minibar, safe, and clothing rack ensure a seamless and enjoyable experience. From 69.00\u20ac onwards Medium [&hellip;]<\/p>\n","protected":false},"author":1,"featured_media":0,"parent":0,"menu_order":0,"comment_status":"closed","ping_status":"closed","template":"","meta":{"om_disable_all_campaigns":false,"_uag_custom_page_level_css":"","_monsterinsights_skip_tracking":false,"_monsterinsights_sitenote_active":false,"_monsterinsights_sitenote_note":"","_monsterinsights_sitenote_category":0,"site-sidebar-layout":"no-sidebar","site-content-layout":"plain-container","ast-site-content-layout":"normal-width-container","site-content-style":"unboxed","site-sidebar-style":"unboxed","ast-global-header-display":"","ast-banner-title-visibility":"","ast-main-header-display":"","ast-hfb-above-header-display":"","ast-hfb-below-header-display":"","ast-hfb-mobile-header-display":"","site-post-title":"disabled","ast-breadcrumbs-content":"","ast-featured-img":"disabled","footer-sml-layout":"","theme-transparent-header-meta":"enabled","adv-header-id-meta":"","stick-header-meta":"","header-above-stick-meta":"","header-main-stick-meta":"","header-below-stick-meta":"","astra-migrate-meta-layouts":"set","ast-page-background-enabled":"default","ast-page-background-meta":{"desktop":{"background-color":"","background-image":"","background-repeat":"repeat","background-position":"center center","background-size":"auto","background-attachment":"scroll","background-type":"","background-media":"","overlay-type":"","overlay-color":"","overlay-opacity":"","overlay-gradient":""},"tablet":{"background-color":"","background-image":"","background-repeat":"repeat","background-position":"center center","background-size":"auto","background-attachment":"scroll","background-type":"","background-media":"","overlay-type":"","overlay-color":"","overlay-opacity":"","overlay-gradient":""},"mobile":{"background-color":"","background-image":"","background-repeat":"repeat","background-position":"center center","background-size":"auto","background-attachment":"scroll","background-type":"","background-media":"","overlay-type":"","overlay-color":"","overlay-opacity":"","overlay-gradient":""}},"ast-content-background-meta":{"desktop":{"background-color":"var(--ast-global-color-5)","background-image":"","background-repeat":"repeat","background-position":"center center","background-size":"auto","background-attachment":"scroll","background-type":"","background-media":"","overlay-type":"","overlay-color":"","overlay-opacity":"","overlay-gradient":""},"tablet":{"background-color":"var(--ast-global-color-5)","background-image":"","background-repeat":"repeat","background-position":"center center","background-size":"auto","background-attachment":"scroll","background-type":"","background-media":"","overlay-type":"","overlay-color":"","overlay-opacity":"","overlay-gradient":""},"mobile":{"background-color":"var(--ast-global-color-5)","background-image":"","background-repeat":"repeat","background-position":"center center","background-size":"auto","background-attachment":"scroll","background-type":"","background-media":"","overlay-type":"","overlay-color":"","overlay-opacity":"","overlay-gradient":""}},"footnotes":""},"class_list":["post-372","page","type-page","status-publish","hentry"],"aioseo_notices":[],"uagb_featured_image_src":{"full":false,"thumbnail":false,"medium":false,"medium_large":false,"large":false,"1536x1536":false,"2048x2048":false,"trp-custom-language-flag":false},"uagb_author_info":{"display_name":"cachorito2023sl@gmail.com","author_link":"https:\/\/b6-hotel.es\/es\/author\/cachorito2023slgmail-com\/"},"uagb_comment_info":0,"uagb_excerpt":"Standard Rooms Our junior rooms are thoughtfully designed to offer a delightful stay. With a contemporary 40-inch Google-TV, high-speed WiFi, a plush 1.80m-wide double bed, and sleek separate bathroom, you&#8217;ll find everything you need for relaxation. Additional conveniences like a minibar, safe, and clothing rack ensure a seamless and enjoyable experience. From 69.00\u20ac onwards Medium&hellip;","_links":{"self":[{"href":"https:\/\/b6-hotel.es\/es\/wp-json\/wp\/v2\/pages\/372","targetHints":{"allow":["GET"]}}],"collection":[{"href":"https:\/\/b6-hotel.es\/es\/wp-json\/wp\/v2\/pages"}],"about":[{"href":"https:\/\/b6-hotel.es\/es\/wp-json\/wp\/v2\/types\/page"}],"author":[{"embeddable":true,"href":"https:\/\/b6-hotel.es\/es\/wp-json\/wp\/v2\/users\/1"}],"replies":[{"embeddable":true,"href":"https:\/\/b6-hotel.es\/es\/wp-json\/wp\/v2\/comments?post=372"}],"version-history":[{"count":20,"href":"https:\/\/b6-hotel.es\/es\/wp-json\/wp\/v2\/pages\/372\/revisions"}],"predecessor-version":[{"id":2206,"href":"https:\/\/b6-hotel.es\/es\/wp-json\/wp\/v2\/pages\/372\/revisions\/2206"}],"wp:attachment":[{"href":"https:\/\/b6-hotel.es\/es\/wp-json\/wp\/v2\/media?parent=372"}],"curies":[{"name":"wp","href":"https:\/\/api.w.org\/{rel}","templated":true}]}}