{"id":368,"date":"2024-09-06T18:03:15","date_gmt":"2024-09-06T18:03:15","guid":{"rendered":"http:\/\/b6-hotel.es\/about-us\/"},"modified":"2025-06-06T09:19:16","modified_gmt":"2025-06-06T09:19:16","slug":"about-us","status":"publish","type":"page","link":"https:\/\/b6-hotel.es\/fr\/about-us\/","title":{"rendered":"\u00c0 propos"},"content":{"rendered":"<div class=\"wp-block-uagb-container uagb-block-b0c210fa alignfull uagb-is-root-container\"><div class=\"uagb-container-inner-blocks-wrap\">\n<div class=\"wp-block-uagb-info-box uagb-block-33c38f7e uagb-infobox__content-wrap  uagb-infobox-icon-above-title uagb-infobox-image-valign-top\"><div class=\"uagb-ifb-content\"><div class=\"uagb-ifb-title-wrap\"><h1 class=\"uagb-ifb-title\">\u00c0 propos<\/h1><\/div><p class=\"uagb-ifb-desc\">Bienvenue \u00e0 l'h\u00f4tel et au restaurant B6!<\/p><\/div><\/div>\n<\/div><\/div>\n\n\n\n<div class=\"wp-block-uagb-container uagb-block-ac44bed4 alignfull uagb-is-root-container\"><div class=\"uagb-container-inner-blocks-wrap\">\n<div class=\"wp-block-uagb-container uagb-block-c91b8643\">\n<div class=\"wp-block-uagb-advanced-heading uagb-block-f79bfb0f\"><h2 class=\"uagb-heading-text\">Our Story\u200b<\/h2><\/div>\n<\/div>\n\n\n\n<div class=\"wp-block-uagb-container uagb-block-463b62fe\">\n<div class=\"wp-block-uagb-advanced-heading uagb-block-253ab81e\"><p class=\"uagb-heading-text\">Nich\u00e9 entre l'urbanisation de San Fulgencio et la plage, B6 Hotel y Restaurante est n\u00e9 d'un r\u00eave. Notre fondateur, Boris, un voyageur passionn\u00e9, a vu le besoin d'un h\u00e9bergement de qualit\u00e9 dans cette r\u00e9gion charmante. Tomb\u00e9 amoureux du cadre pittoresque, il a d\u00e9cid\u00e9 de mettre fin \u00e0 sa retraite anticip\u00e9e et de cr\u00e9er un lieu o\u00f9 les clients pourraient vivre le m\u00eame enchantement.<br><br>\u00c0 l'h\u00f4tel B6, nous sommes fiers d'offrir une ambiance moderne, une qualit\u00e9 exceptionnelle et un bon rapport qualit\u00e9-prix. Notre \u00e9quipe amicale et avenante s'efforce d'apporter une touche personnelle pour que votre s\u00e9jour soit m\u00e9morable. Que vous soyez ici pour une escapade relaxante ou un voyage d'affaires, vous trouverez confort et commodit\u00e9 dans nos chambres bien con\u00e7ues.<br><br>N'oubliez pas de visiter notre restaurant sur place, B6 Restaurante, o\u00f9 nous servons des repas d\u00e9licieux et de haute qualit\u00e9 qui raviront vos papilles. Nous sommes impatients de vous accueillir et de rendre votre s\u00e9jour parmi nous vraiment sp\u00e9cial.<\/p><\/div>\n<\/div>\n\n\n\n<div class=\"wp-block-uagb-container uagb-block-dba73dc1\">\n<div class=\"wp-block-uagb-info-box uagb-block-31c144de uagb-infobox__content-wrap  uagb-infobox-icon-left uagb-infobox-left uagb-infobox-image-valign-top\"><div class=\"uagb-ifb-icon-wrap\"><div class=\"uagb-iconbox-icon-wrap uagb-infobox-shape-circle\"><svg xmlns=\"https:\/\/www.w3.org\/2000\/svg\" viewbox=\"0 0 512 512\"><path d=\"M234.5 5.709C248.4 .7377 263.6 .7377 277.5 5.709L469.5 74.28C494.1 83.38 512 107.5 512 134.6V377.4C512 404.5 494.1 428.6 469.5 437.7L277.5 506.3C263.6 511.3 248.4 511.3 234.5 506.3L42.47 437.7C17 428.6 0 404.5 0 377.4V134.6C0 107.5 17 83.38 42.47 74.28L234.5 5.709zM256 65.98L82.34 128L256 190L429.7 128L256 65.98zM288 434.6L448 377.4V189.4L288 246.6V434.6z\"><\/path><\/svg><\/div><\/div><div class=\"uagb-ifb-content\"><div class=\"uagb-ifb-title-wrap\"><\/div><p class=\"uagb-ifb-desc\">Enjoy the sun and constant brise on our 75m\u00b2 terrace.<\/p><div class=\"uagb-ifb-separator\"><\/div><\/div><\/div>\n\n\n\n<div class=\"wp-block-uagb-info-box uagb-block-f0ace150 uagb-infobox__content-wrap  uagb-infobox-icon-left uagb-infobox-left uagb-infobox-image-valign-top\"><div class=\"uagb-ifb-icon-wrap\"><div class=\"uagb-iconbox-icon-wrap uagb-infobox-shape-circle\"><svg xmlns=\"https:\/\/www.w3.org\/2000\/svg\" viewbox=\"0 0 512 512\"><path d=\"M400 192H32C14.25 192 0 206.3 0 224v192c0 53 43 96 96 96h192c53 0 96-43 96-96h16c61.75 0 112-50.25 112-112S461.8 192 400 192zM400 352H384V256h16C426.5 256 448 277.5 448 304S426.5 352 400 352zM107.9 100.7C120.3 107.1 128 121.4 128 136c0 13.25 10.75 23.89 24 23.89S176 148.1 176 135.7c0-31.34-16.83-60.64-43.91-76.45C119.7 52.03 112 38.63 112 24.28c0-13.25-10.75-24.14-24-24.14S64 11.03 64 24.28C64 55.63 80.83 84.92 107.9 100.7zM219.9 100.7C232.3 107.1 240 121.4 240 136c0 13.25 10.75 23.86 24 23.86S288 148.1 288 135.7c0-31.34-16.83-60.64-43.91-76.45C231.7 52.03 224 38.63 224 24.28c0-13.25-10.75-24.18-24-24.18S176 11.03 176 24.28C176 55.63 192.8 84.92 219.9 100.7z\"><\/path><\/svg><\/div><\/div><div class=\"uagb-ifb-content\"><div class=\"uagb-ifb-title-wrap\"><h5 class=\"uagb-ifb-title\">Lieu douillet<\/h5><\/div><p class=\"uagb-ifb-desc\">Feel at home and enjoy.<\/p><div class=\"uagb-ifb-separator\"><\/div><\/div><\/div>\n\n\n\n<div class=\"wp-block-uagb-info-box uagb-block-a1e751a2 uagb-infobox__content-wrap  uagb-infobox-icon-left uagb-infobox-left uagb-infobox-image-valign-top\"><div class=\"uagb-ifb-icon-wrap\"><div class=\"uagb-iconbox-icon-wrap uagb-infobox-shape-circle\"><svg xmlns=\"https:\/\/www.w3.org\/2000\/svg\" viewbox=\"0 0 512 512\"><path d=\"M511.1 367.1c0 44.18-42.98 80-95.1 80s-95.1-35.82-95.1-79.1c0-44.18 42.98-79.1 95.1-79.1c11.28 0 21.95 1.92 32.01 4.898V148.1L192 224l-.0023 208.1C191.1 476.2 149 512 95.1 512S0 476.2 0 432c0-44.18 42.98-79.1 95.1-79.1c11.28 0 21.95 1.92 32 4.898V126.5c0-12.97 10.06-26.63 22.41-30.52l319.1-94.49C472.1 .6615 477.3 0 480 0c17.66 0 31.97 14.34 32 31.99L511.1 367.1z\"><\/path><\/svg><\/div><\/div><div class=\"uagb-ifb-content\"><div class=\"uagb-ifb-title-wrap\"><h5 class=\"uagb-ifb-title\">Relax Atmosphere<\/h5><\/div><p class=\"uagb-ifb-desc\">Take refuge away from the crowds.<\/p><\/div><\/div>\n<\/div>\n\n\n\n<div class=\"wp-block-uagb-container uagb-block-a9a45a05\">\n<div class=\"wp-block-uagb-image alignleft uagb-block-06cd4c1b wp-block-uagb-image--layout-default wp-block-uagb-image--effect-zoomin wp-block-uagb-image--align-left uag-blocks-common-selector\" style=\"--z-index-desktop:3;;--z-index-tablet:3;;--z-index-mobile:3;\"><figure class=\"wp-block-uagb-image__figure\"><img decoding=\"async\" srcset=\"https:\/\/b6-hotel.es\/wp-content\/uploads\/2025\/06\/IMG_0802-768x1024.jpg ,https:\/\/b6-hotel.es\/wp-content\/uploads\/2025\/06\/IMG_0802-scaled.jpg 780w, https:\/\/b6-hotel.es\/wp-content\/uploads\/2025\/06\/IMG_0802-scaled.jpg 360w\" sizes=\"auto, (max-width: 480px) 150px\" src=\"https:\/\/b6-hotel.es\/wp-content\/uploads\/2025\/06\/IMG_0802-768x1024.jpg\" alt=\"\" class=\"uag-image-2182\" width=\"730\" height=\"300\" title=\"IMG_0802\" loading=\"lazy\" role=\"img\"\/><\/figure><\/div>\n<\/div>\n<\/div><\/div>\n\n\n\n<div class=\"wp-block-uagb-separator uagb-block-4e4f7d80\"><div class=\"wp-block-uagb-separator__inner\" style=\"--my-background-image:\"><\/div><\/div>\n\n\n\n<div class=\"wp-block-uagb-container uagb-block-91958311 alignfull uagb-is-root-container\"><div class=\"uagb-container-inner-blocks-wrap\">\n<div class=\"wp-block-uagb-container uagb-block-f3622cb1\">\n<div class=\"wp-block-uagb-advanced-heading uagb-block-4f0583c5\"><h2 class=\"uagb-heading-text\">Join our Team<\/h2><\/div>\n<\/div>\n\n\n\n<div class=\"wp-block-uagb-container uagb-block-ccaa96a4\">\n<p class=\"has-ast-global-color-5-color has-text-color has-link-color wp-elements-fceb233414fdfc63f99c05f141b0859a\">Nous sommes ravis d'accueillir des personnes talentueuses au sein de notre \u00e9quipe, <br>alors que nous pr\u00e9parons notre grande ouverture \u00e0 San Fulgencio. <br>D\u00e9couvrez nos offres d'emploi et participez <br>\u00e0 notre aventure pour offrir une hospitalit\u00e9 exceptionnelle. <br><br>Soumettez votre candidature d\u00e8s maintenant pour commencer votre carri\u00e8re avec nous!<\/p>\n\n\n\n<div class=\"wp-block-uagb-buttons uagb-buttons__outer-wrap uagb-btn__default-btn uagb-btn-tablet__default-btn uagb-btn-mobile__default-btn uagb-block-406aec12\"><div class=\"uagb-buttons__wrap uagb-buttons-layout-wrap\">\n<div class=\"wp-block-uagb-buttons-child uagb-buttons__outer-wrap uagb-block-5cc65990 wp-block-button\"><div class=\"uagb-button__wrapper\"><a class=\"uagb-buttons-repeater wp-block-button__link\" aria-label=\"\" href=\"https:\/\/b6-hotel.es\/fr\/online-application\/\" rel=\"follow noopener\" target=\"_self\" role=\"button\"><div class=\"uagb-button__link\">POSER CANDIDATURE<\/div><\/a><\/div><\/div>\n<\/div><\/div>\n<\/div>\n<\/div><\/div>\n\n\n\n<p><\/p>","protected":false},"excerpt":{"rendered":"<p>Our Story\u200b Nestled between the urbanization of San Fulgencio and the beach, B6 Hotel y Restaurante was born from a dream. Our founder, Boris, a passionate traveler, saw the need for quality accommodation in this charming area. Falling in love with the picturesque surroundings, he decided to end his early retirement and create a place [&hellip;]<\/p>\n","protected":false},"author":1,"featured_media":0,"parent":0,"menu_order":0,"comment_status":"closed","ping_status":"closed","template":"","meta":{"om_disable_all_campaigns":false,"_uag_custom_page_level_css":"","_monsterinsights_skip_tracking":false,"_monsterinsights_sitenote_active":false,"_monsterinsights_sitenote_note":"","_monsterinsights_sitenote_category":0,"site-sidebar-layout":"no-sidebar","site-content-layout":"plain-container","ast-site-content-layout":"normal-width-container","site-content-style":"unboxed","site-sidebar-style":"unboxed","ast-global-header-display":"","ast-banner-title-visibility":"","ast-main-header-display":"","ast-hfb-above-header-display":"","ast-hfb-below-header-display":"","ast-hfb-mobile-header-display":"","site-post-title":"disabled","ast-breadcrumbs-content":"","ast-featured-img":"disabled","footer-sml-layout":"","theme-transparent-header-meta":"enabled","adv-header-id-meta":"","stick-header-meta":"","header-above-stick-meta":"","header-main-stick-meta":"","header-below-stick-meta":"","astra-migrate-meta-layouts":"set","ast-page-background-enabled":"default","ast-page-background-meta":{"desktop":{"background-color":"","background-image":"","background-repeat":"repeat","background-position":"center center","background-size":"auto","background-attachment":"scroll","background-type":"","background-media":"","overlay-type":"","overlay-color":"","overlay-opacity":"","overlay-gradient":""},"tablet":{"background-color":"","background-image":"","background-repeat":"repeat","background-position":"center center","background-size":"auto","background-attachment":"scroll","background-type":"","background-media":"","overlay-type":"","overlay-color":"","overlay-opacity":"","overlay-gradient":""},"mobile":{"background-color":"","background-image":"","background-repeat":"repeat","background-position":"center center","background-size":"auto","background-attachment":"scroll","background-type":"","background-media":"","overlay-type":"","overlay-color":"","overlay-opacity":"","overlay-gradient":""}},"ast-content-background-meta":{"desktop":{"background-color":"var(--ast-global-color-5)","background-image":"","background-repeat":"repeat","background-position":"center center","background-size":"auto","background-attachment":"scroll","background-type":"","background-media":"","overlay-type":"","overlay-color":"","overlay-opacity":"","overlay-gradient":""},"tablet":{"background-color":"var(--ast-global-color-5)","background-image":"","background-repeat":"repeat","background-position":"center center","background-size":"auto","background-attachment":"scroll","background-type":"","background-media":"","overlay-type":"","overlay-color":"","overlay-opacity":"","overlay-gradient":""},"mobile":{"background-color":"var(--ast-global-color-5)","background-image":"","background-repeat":"repeat","background-position":"center center","background-size":"auto","background-attachment":"scroll","background-type":"","background-media":"","overlay-type":"","overlay-color":"","overlay-opacity":"","overlay-gradient":""}},"footnotes":""},"class_list":["post-368","page","type-page","status-publish","hentry"],"aioseo_notices":[],"uagb_featured_image_src":{"full":false,"thumbnail":false,"medium":false,"medium_large":false,"large":false,"1536x1536":false,"2048x2048":false,"trp-custom-language-flag":false},"uagb_author_info":{"display_name":"cachorito2023sl@gmail.com","author_link":"https:\/\/b6-hotel.es\/fr\/author\/cachorito2023slgmail-com\/"},"uagb_comment_info":0,"uagb_excerpt":"Our Story\u200b Nestled between the urbanization of San Fulgencio and the beach, B6 Hotel y Restaurante was born from a dream. Our founder, Boris, a passionate traveler, saw the need for quality accommodation in this charming area. Falling in love with the picturesque surroundings, he decided to end his early retirement and create a place\u2026","_links":{"self":[{"href":"https:\/\/b6-hotel.es\/fr\/wp-json\/wp\/v2\/pages\/368","targetHints":{"allow":["GET"]}}],"collection":[{"href":"https:\/\/b6-hotel.es\/fr\/wp-json\/wp\/v2\/pages"}],"about":[{"href":"https:\/\/b6-hotel.es\/fr\/wp-json\/wp\/v2\/types\/page"}],"author":[{"embeddable":true,"href":"https:\/\/b6-hotel.es\/fr\/wp-json\/wp\/v2\/users\/1"}],"replies":[{"embeddable":true,"href":"https:\/\/b6-hotel.es\/fr\/wp-json\/wp\/v2\/comments?post=368"}],"version-history":[{"count":10,"href":"https:\/\/b6-hotel.es\/fr\/wp-json\/wp\/v2\/pages\/368\/revisions"}],"predecessor-version":[{"id":2183,"href":"https:\/\/b6-hotel.es\/fr\/wp-json\/wp\/v2\/pages\/368\/revisions\/2183"}],"wp:attachment":[{"href":"https:\/\/b6-hotel.es\/fr\/wp-json\/wp\/v2\/media?parent=368"}],"curies":[{"name":"wp","href":"https:\/\/api.w.org\/{rel}","templated":true}]}}